{"id":741,"date":"2023-03-29T18:04:33","date_gmt":"2023-03-29T18:04:33","guid":{"rendered":"https:\/\/escenapart.cat\/escenamusic\/"},"modified":"2023-12-05T09:31:21","modified_gmt":"2023-12-05T09:31:21","slug":"escenamusic","status":"publish","type":"page","link":"https:\/\/escenapart.cat\/en\/escenamusic\/","title":{"rendered":"Escenamusic"},"content":{"rendered":"<section class=\"l-section wpb_row us_custom_b7067431 height_large\"><div class=\"l-section-h i-cf\"><div class=\"g-cols vc_row via_flex valign_top type_default stacking_default\"><div class=\"vc_col-sm-12 wpb_column vc_column_container\"><div class=\"vc_column-inner\"><div class=\"wpb_wrapper\"><div class=\"g-cols wpb_row via_flex valign_top type_default stacking_default\"><div class=\"vc_col-sm-12 wpb_column vc_column_container\"><div class=\"vc_column-inner\"><div class=\"wpb_wrapper\"><div class=\"w-vwrapper us_custom_dc576010 breadcrumbs align_none valign_top\" style=\"--vwrapper-gap:0rem\"><span><span><a href=\"https:\/\/escenapart.cat\/en\/inicio-english\/\">Home<\/a><\/span><\/span><\/div><h1 class=\"w-text us_custom_c44ab471 has_text_color\"><span url class=\"w-text-h\"><span class=\"w-text-value\">Escenamusic<\/span><\/span><\/h1><\/div><\/div><\/div><\/div><\/div><\/div><\/div><\/div><\/div><\/section><section class=\"l-section wpb_row us_custom_f3f68ac4 height_large\"><div class=\"l-section-h i-cf\"><div class=\"g-cols vc_row via_flex valign_top type_default stacking_default\"><div class=\"vc_col-sm-12 wpb_column vc_column_container\"><div class=\"vc_column-inner\"><div class=\"wpb_wrapper\"><div class=\"w-grid type_grid layout_181 cols_4\" id=\"us_grid_1\" style=\"--gap:1rem;\" data-filterable=\"true\"><style>@media (max-width:1380px){#us_grid_1 .w-grid-item{width:33.3333%}}@media (max-width:1024px){#us_grid_1 .w-grid-item{width:50%}}@media (max-width:600px){#us_grid_1 .w-grid-list{margin:0}#us_grid_1 .w-grid-item{width:100%;padding:0;margin-bottom:var(--gap,0px)}}.layout_181 .w-grid-item-h{}.layout_181 .usg_post_title_1{font-size:1rem!important;font-weight:500!important;text-transform:uppercase!important;margin-top:1rem!important}<\/style><div class=\"w-grid-list\">\t<article class=\"w-grid-item post-1757 banda type-banda status-publish has-post-thumbnail hentry\" data-id=\"1757\">\r\n\t\t<div class=\"w-grid-item-h\">\r\n\t\t\t\t\t\t<div class=\"w-post-elm post_image usg_post_image_1 has_ratio\"><div style=\"padding-bottom:100%\"><\/div><a href=\"https:\/\/escenapart.cat\/en\/banda\/balkumbia\/\" aria-label=\"Balkumbia\"><img loading=\"lazy\" decoding=\"async\" width=\"1024\" height=\"682\" src=\"https:\/\/escenapart.cat\/wp-content\/uploads\/2026\/04\/balkumbia-1024x682.jpeg\" class=\"attachment-large size-large wp-post-image\" alt=\"\" srcset=\"https:\/\/escenapart.cat\/wp-content\/uploads\/2026\/04\/balkumbia-1024x682.jpeg 1024w, https:\/\/escenapart.cat\/wp-content\/uploads\/2026\/04\/balkumbia-300x200.jpeg 300w, https:\/\/escenapart.cat\/wp-content\/uploads\/2026\/04\/balkumbia.jpeg 1600w\" sizes=\"auto, (max-width: 1024px) 100vw, 1024px\" \/><\/a><\/div><h3 class=\"w-post-elm post_title usg_post_title_1 entry-title color_link_inherit\"><a href=\"https:\/\/escenapart.cat\/en\/banda\/balkumbia\/\">Balkumbia<\/a><\/h3>\t\t<\/div>\r\n\t<\/article>\r\n\t<article class=\"w-grid-item post-1410 banda type-banda status-publish has-post-thumbnail hentry\" data-id=\"1410\">\r\n\t\t<div class=\"w-grid-item-h\">\r\n\t\t\t\t\t\t<div class=\"w-post-elm post_image usg_post_image_1 has_ratio\"><div style=\"padding-bottom:100%\"><\/div><a href=\"https:\/\/escenapart.cat\/en\/banda\/1410\/\" aria-label=\"Ketekalles\"><img loading=\"lazy\" decoding=\"async\" width=\"1024\" height=\"682\" src=\"https:\/\/escenapart.cat\/wp-content\/uploads\/2025\/02\/ktk-1024x682.jpg\" class=\"attachment-large size-large wp-post-image\" alt=\"\" srcset=\"https:\/\/escenapart.cat\/wp-content\/uploads\/2025\/02\/ktk-1024x682.jpg 1024w, https:\/\/escenapart.cat\/wp-content\/uploads\/2025\/02\/ktk-300x200.jpg 300w, https:\/\/escenapart.cat\/wp-content\/uploads\/2025\/02\/ktk.jpg 1600w\" sizes=\"auto, (max-width: 1024px) 100vw, 1024px\" \/><\/a><\/div><h3 class=\"w-post-elm post_title usg_post_title_1 entry-title color_link_inherit\"><a href=\"https:\/\/escenapart.cat\/en\/banda\/1410\/\">Ketekalles<\/a><\/h3>\t\t<\/div>\r\n\t<\/article>\r\n\t<article class=\"w-grid-item post-1531 banda type-banda status-publish has-post-thumbnail hentry\" data-id=\"1531\">\r\n\t\t<div class=\"w-grid-item-h\">\r\n\t\t\t\t\t\t<div class=\"w-post-elm post_image usg_post_image_1 has_ratio\"><div style=\"padding-bottom:100%\"><\/div><a href=\"https:\/\/escenapart.cat\/en\/banda\/alba-carmona\/\" aria-label=\"Alba Carmona\"><img loading=\"lazy\" decoding=\"async\" width=\"1024\" height=\"1024\" src=\"https:\/\/escenapart.cat\/wp-content\/uploads\/2025\/04\/alba-c-1024x1024.jpg\" class=\"attachment-large size-large wp-post-image\" alt=\"\" srcset=\"https:\/\/escenapart.cat\/wp-content\/uploads\/2025\/04\/alba-c-1024x1024.jpg 1024w, https:\/\/escenapart.cat\/wp-content\/uploads\/2025\/04\/alba-c-300x300.jpg 300w, https:\/\/escenapart.cat\/wp-content\/uploads\/2025\/04\/alba-c-150x150.jpg 150w, https:\/\/escenapart.cat\/wp-content\/uploads\/2025\/04\/alba-c.jpg 1600w\" sizes=\"auto, (max-width: 1024px) 100vw, 1024px\" \/><\/a><\/div><h3 class=\"w-post-elm post_title usg_post_title_1 entry-title color_link_inherit\"><a href=\"https:\/\/escenapart.cat\/en\/banda\/alba-carmona\/\">Alba Carmona<\/a><\/h3>\t\t<\/div>\r\n\t<\/article>\r\n\t<article class=\"w-grid-item post-1583 banda type-banda status-publish has-post-thumbnail hentry\" data-id=\"1583\">\r\n\t\t<div class=\"w-grid-item-h\">\r\n\t\t\t\t\t\t<div class=\"w-post-elm post_image usg_post_image_1 has_ratio\"><div style=\"padding-bottom:100%\"><\/div><a href=\"https:\/\/escenapart.cat\/en\/banda\/1583\/\" aria-label=\"Mar\u00eda Cielos\"><img loading=\"lazy\" decoding=\"async\" width=\"1024\" height=\"690\" src=\"https:\/\/escenapart.cat\/wp-content\/uploads\/2025\/10\/maria-cielos-1024x690.jpg\" class=\"attachment-large size-large wp-post-image\" alt=\"\" srcset=\"https:\/\/escenapart.cat\/wp-content\/uploads\/2025\/10\/maria-cielos-1024x690.jpg 1024w, https:\/\/escenapart.cat\/wp-content\/uploads\/2025\/10\/maria-cielos-300x202.jpg 300w, https:\/\/escenapart.cat\/wp-content\/uploads\/2025\/10\/maria-cielos.jpg 1600w\" sizes=\"auto, (max-width: 1024px) 100vw, 1024px\" \/><\/a><\/div><h3 class=\"w-post-elm post_title usg_post_title_1 entry-title color_link_inherit\"><a href=\"https:\/\/escenapart.cat\/en\/banda\/1583\/\">Mar\u00eda Cielos<\/a><\/h3>\t\t<\/div>\r\n\t<\/article>\r\n\t<article class=\"w-grid-item post-1702 banda type-banda status-publish has-post-thumbnail hentry\" data-id=\"1702\">\r\n\t\t<div class=\"w-grid-item-h\">\r\n\t\t\t\t\t\t<div class=\"w-post-elm post_image usg_post_image_1 has_ratio\"><div style=\"padding-bottom:100%\"><\/div><a href=\"https:\/\/escenapart.cat\/en\/banda\/maggie-cullen\/\" aria-label=\"Maggie Cullen\"><img loading=\"lazy\" decoding=\"async\" width=\"1024\" height=\"744\" src=\"https:\/\/escenapart.cat\/wp-content\/uploads\/2026\/01\/WhatsApp-Image-2026-01-29-at-10.03.42-1024x744.jpeg\" class=\"attachment-large size-large wp-post-image\" alt=\"\" srcset=\"https:\/\/escenapart.cat\/wp-content\/uploads\/2026\/01\/WhatsApp-Image-2026-01-29-at-10.03.42-1024x744.jpeg 1024w, https:\/\/escenapart.cat\/wp-content\/uploads\/2026\/01\/WhatsApp-Image-2026-01-29-at-10.03.42-300x218.jpeg 300w, https:\/\/escenapart.cat\/wp-content\/uploads\/2026\/01\/WhatsApp-Image-2026-01-29-at-10.03.42.jpeg 1600w\" sizes=\"auto, (max-width: 1024px) 100vw, 1024px\" \/><\/a><\/div><h3 class=\"w-post-elm post_title usg_post_title_1 entry-title color_link_inherit\"><a href=\"https:\/\/escenapart.cat\/en\/banda\/maggie-cullen\/\">Maggie Cullen<\/a><\/h3>\t\t<\/div>\r\n\t<\/article>\r\n\t<article class=\"w-grid-item post-1000 banda type-banda status-publish has-post-thumbnail hentry\" data-id=\"1000\">\r\n\t\t<div class=\"w-grid-item-h\">\r\n\t\t\t\t\t\t<div class=\"w-post-elm post_image usg_post_image_1 has_ratio\"><div style=\"padding-bottom:100%\"><\/div><a href=\"https:\/\/escenapart.cat\/en\/banda\/flor-de-lava\/\" aria-label=\"Flor de Lava\"><img loading=\"lazy\" decoding=\"async\" width=\"1024\" height=\"661\" src=\"https:\/\/escenapart.cat\/wp-content\/uploads\/2024\/06\/flor-1024x661.jpg\" class=\"attachment-large size-large wp-post-image\" alt=\"\" srcset=\"https:\/\/escenapart.cat\/wp-content\/uploads\/2024\/06\/flor-1024x661.jpg 1024w, https:\/\/escenapart.cat\/wp-content\/uploads\/2024\/06\/flor-300x194.jpg 300w, https:\/\/escenapart.cat\/wp-content\/uploads\/2024\/06\/flor.jpg 1600w\" sizes=\"auto, (max-width: 1024px) 100vw, 1024px\" \/><\/a><\/div><h3 class=\"w-post-elm post_title usg_post_title_1 entry-title color_link_inherit\"><a href=\"https:\/\/escenapart.cat\/en\/banda\/flor-de-lava\/\">Flor de Lava<\/a><\/h3>\t\t<\/div>\r\n\t<\/article>\r\n\t<article class=\"w-grid-item post-1716 banda type-banda status-publish has-post-thumbnail hentry\" data-id=\"1716\">\r\n\t\t<div class=\"w-grid-item-h\">\r\n\t\t\t\t\t\t<div class=\"w-post-elm post_image usg_post_image_1 has_ratio\"><div style=\"padding-bottom:100%\"><\/div><a href=\"https:\/\/escenapart.cat\/en\/banda\/altertango\/\" aria-label=\"Altertango\"><img loading=\"lazy\" decoding=\"async\" width=\"1024\" height=\"683\" src=\"https:\/\/escenapart.cat\/wp-content\/uploads\/2026\/02\/WhatsApp-Image-2026-02-02-at-13.17.40-1024x683.jpeg\" class=\"attachment-large size-large wp-post-image\" alt=\"\" srcset=\"https:\/\/escenapart.cat\/wp-content\/uploads\/2026\/02\/WhatsApp-Image-2026-02-02-at-13.17.40-1024x683.jpeg 1024w, https:\/\/escenapart.cat\/wp-content\/uploads\/2026\/02\/WhatsApp-Image-2026-02-02-at-13.17.40-300x200.jpeg 300w, https:\/\/escenapart.cat\/wp-content\/uploads\/2026\/02\/WhatsApp-Image-2026-02-02-at-13.17.40.jpeg 1600w\" sizes=\"auto, (max-width: 1024px) 100vw, 1024px\" \/><\/a><\/div><h3 class=\"w-post-elm post_title usg_post_title_1 entry-title color_link_inherit\"><a href=\"https:\/\/escenapart.cat\/en\/banda\/altertango\/\">Altertango<\/a><\/h3>\t\t<\/div>\r\n\t<\/article>\r\n\t<article class=\"w-grid-item post-827 banda type-banda status-publish has-post-thumbnail hentry\" data-id=\"827\">\r\n\t\t<div class=\"w-grid-item-h\">\r\n\t\t\t\t\t\t<div class=\"w-post-elm post_image usg_post_image_1 has_ratio\"><div style=\"padding-bottom:100%\"><\/div><a href=\"https:\/\/escenapart.cat\/en\/banda\/las-karamba-2\/\" aria-label=\"Las Karamba\"><img loading=\"lazy\" decoding=\"async\" width=\"1024\" height=\"684\" src=\"https:\/\/escenapart.cat\/wp-content\/uploads\/2023\/12\/foto-LK-1024x684.jpg\" class=\"attachment-large size-large wp-post-image\" alt=\"\" srcset=\"https:\/\/escenapart.cat\/wp-content\/uploads\/2023\/12\/foto-LK-1024x684.jpg 1024w, https:\/\/escenapart.cat\/wp-content\/uploads\/2023\/12\/foto-LK-300x200.jpg 300w, https:\/\/escenapart.cat\/wp-content\/uploads\/2023\/12\/foto-LK.jpg 1600w\" sizes=\"auto, (max-width: 1024px) 100vw, 1024px\" \/><\/a><\/div><h3 class=\"w-post-elm post_title usg_post_title_1 entry-title color_link_inherit\"><a href=\"https:\/\/escenapart.cat\/en\/banda\/las-karamba-2\/\">Las Karamba<\/a><\/h3>\t\t<\/div>\r\n\t<\/article>\r\n\t<article class=\"w-grid-item post-796 banda type-banda status-publish has-post-thumbnail hentry\" data-id=\"796\">\r\n\t\t<div class=\"w-grid-item-h\">\r\n\t\t\t\t\t\t<div class=\"w-post-elm post_image usg_post_image_1 has_ratio\"><div style=\"padding-bottom:100%\"><\/div><a href=\"https:\/\/escenapart.cat\/en\/banda\/los-aurora\/\" aria-label=\"Los Aurora\"><img loading=\"lazy\" decoding=\"async\" width=\"1024\" height=\"649\" src=\"https:\/\/escenapart.cat\/wp-content\/uploads\/2023\/11\/los-aurora-1024x649.jpg\" class=\"attachment-large size-large wp-post-image\" alt=\"\" srcset=\"https:\/\/escenapart.cat\/wp-content\/uploads\/2023\/11\/los-aurora-1024x649.jpg 1024w, https:\/\/escenapart.cat\/wp-content\/uploads\/2023\/11\/los-aurora-300x190.jpg 300w, https:\/\/escenapart.cat\/wp-content\/uploads\/2023\/11\/los-aurora.jpg 1600w\" sizes=\"auto, (max-width: 1024px) 100vw, 1024px\" \/><\/a><\/div><h3 class=\"w-post-elm post_title usg_post_title_1 entry-title color_link_inherit\"><a href=\"https:\/\/escenapart.cat\/en\/banda\/los-aurora\/\">Los Aurora<\/a><\/h3>\t\t<\/div>\r\n\t<\/article>\r\n\t<article class=\"w-grid-item post-1161 banda type-banda status-publish has-post-thumbnail hentry\" data-id=\"1161\">\r\n\t\t<div class=\"w-grid-item-h\">\r\n\t\t\t\t\t\t<div class=\"w-post-elm post_image usg_post_image_1 has_ratio\"><div style=\"padding-bottom:100%\"><\/div><a href=\"https:\/\/escenapart.cat\/en\/banda\/tonina\/\" aria-label=\"Tonina\"><img loading=\"lazy\" decoding=\"async\" width=\"682\" height=\"1024\" src=\"https:\/\/escenapart.cat\/wp-content\/uploads\/2024\/10\/tonina-682x1024.jpg\" class=\"attachment-large size-large wp-post-image\" alt=\"\" srcset=\"https:\/\/escenapart.cat\/wp-content\/uploads\/2024\/10\/tonina-682x1024.jpg 682w, https:\/\/escenapart.cat\/wp-content\/uploads\/2024\/10\/tonina-200x300.jpg 200w, https:\/\/escenapart.cat\/wp-content\/uploads\/2024\/10\/tonina.jpg 1066w\" sizes=\"auto, (max-width: 682px) 100vw, 682px\" \/><\/a><\/div><h3 class=\"w-post-elm post_title usg_post_title_1 entry-title color_link_inherit\"><a href=\"https:\/\/escenapart.cat\/en\/banda\/tonina\/\">Tonina<\/a><\/h3>\t\t<\/div>\r\n\t<\/article>\r\n\t<article class=\"w-grid-item post-793 banda type-banda status-publish has-post-thumbnail hentry\" data-id=\"793\">\r\n\t\t<div class=\"w-grid-item-h\">\r\n\t\t\t\t\t\t<div class=\"w-post-elm post_image usg_post_image_1 has_ratio\"><div style=\"padding-bottom:100%\"><\/div><a href=\"https:\/\/escenapart.cat\/en\/banda\/sara-correia\/\" aria-label=\"Sara Correia\"><img loading=\"lazy\" decoding=\"async\" width=\"648\" height=\"682\" src=\"https:\/\/escenapart.cat\/wp-content\/uploads\/2023\/05\/Sara-correia.jpeg\" class=\"attachment-large size-large wp-post-image\" alt=\"\" srcset=\"https:\/\/escenapart.cat\/wp-content\/uploads\/2023\/05\/Sara-correia.jpeg 648w, https:\/\/escenapart.cat\/wp-content\/uploads\/2023\/05\/Sara-correia-285x300.jpeg 285w\" sizes=\"auto, (max-width: 648px) 100vw, 648px\" \/><\/a><\/div><h3 class=\"w-post-elm post_title usg_post_title_1 entry-title color_link_inherit\"><a href=\"https:\/\/escenapart.cat\/en\/banda\/sara-correia\/\">Sara Correia<\/a><\/h3>\t\t<\/div>\r\n\t<\/article>\r\n\t<article class=\"w-grid-item post-783 banda type-banda status-publish has-post-thumbnail hentry\" data-id=\"783\">\r\n\t\t<div class=\"w-grid-item-h\">\r\n\t\t\t\t\t\t<div class=\"w-post-elm post_image usg_post_image_1 has_ratio\"><div style=\"padding-bottom:100%\"><\/div><a href=\"https:\/\/escenapart.cat\/en\/banda\/alba-armengou\/\" aria-label=\"Alba Armengou\"><img loading=\"lazy\" decoding=\"async\" width=\"1024\" height=\"683\" src=\"https:\/\/escenapart.cat\/wp-content\/uploads\/2023\/09\/foto_alba_11zon-1024x683.jpg\" class=\"attachment-large size-large wp-post-image\" alt=\"\" srcset=\"https:\/\/escenapart.cat\/wp-content\/uploads\/2023\/09\/foto_alba_11zon-1024x683.jpg 1024w, https:\/\/escenapart.cat\/wp-content\/uploads\/2023\/09\/foto_alba_11zon-300x200.jpg 300w\" sizes=\"auto, (max-width: 1024px) 100vw, 1024px\" \/><\/a><\/div><h3 class=\"w-post-elm post_title usg_post_title_1 entry-title color_link_inherit\"><a href=\"https:\/\/escenapart.cat\/en\/banda\/alba-armengou\/\">Alba Armengou<\/a><\/h3>\t\t<\/div>\r\n\t<\/article>\r\n\t<article class=\"w-grid-item post-791 banda type-banda status-publish has-post-thumbnail hentry\" data-id=\"791\">\r\n\t\t<div class=\"w-grid-item-h\">\r\n\t\t\t\t\t\t<div class=\"w-post-elm post_image usg_post_image_1 has_ratio\"><div style=\"padding-bottom:100%\"><\/div><a href=\"https:\/\/escenapart.cat\/en\/banda\/nuria-andorra\/\" aria-label=\"N\u00faria Andorr\u00e0\"><img loading=\"lazy\" decoding=\"async\" width=\"1024\" height=\"1024\" src=\"https:\/\/escenapart.cat\/wp-content\/uploads\/2023\/07\/NuA-1024x1024.jpeg\" class=\"attachment-large size-large wp-post-image\" alt=\"\" srcset=\"https:\/\/escenapart.cat\/wp-content\/uploads\/2023\/07\/NuA-1024x1024.jpeg 1024w, https:\/\/escenapart.cat\/wp-content\/uploads\/2023\/07\/NuA-300x300.jpeg 300w, https:\/\/escenapart.cat\/wp-content\/uploads\/2023\/07\/NuA-150x150.jpeg 150w, https:\/\/escenapart.cat\/wp-content\/uploads\/2023\/07\/NuA.jpeg 1600w\" sizes=\"auto, (max-width: 1024px) 100vw, 1024px\" \/><\/a><\/div><h3 class=\"w-post-elm post_title usg_post_title_1 entry-title color_link_inherit\"><a href=\"https:\/\/escenapart.cat\/en\/banda\/nuria-andorra\/\">N\u00faria Andorr\u00e0<\/a><\/h3>\t\t<\/div>\r\n\t<\/article>\r\n<\/div><div class=\"w-grid-preloader\"><div class=\"g-preloader type_1\">\r\n\t<div><\/div>\r\n<\/div>\r\n<\/div>\t<div class=\"w-grid-json hidden\" onclick='return {&quot;action&quot;:&quot;us_ajax_grid&quot;,&quot;ajax_url&quot;:&quot;https:\\\/\\\/escenapart.cat\\\/wp-admin\\\/admin-ajax.php&quot;,&quot;infinite_scroll&quot;:0,&quot;max_num_pages&quot;:1,&quot;pagination&quot;:&quot;none&quot;,&quot;permalink_url&quot;:&quot;https:\\\/\\\/escenapart.cat\\\/en\\\/wp-json\\\/wp\\\/v2\\\/pages\\\/741\\\/&quot;,&quot;template_vars&quot;:{&quot;columns&quot;:&quot;4&quot;,&quot;exclude_items&quot;:&quot;none&quot;,&quot;img_size&quot;:&quot;default&quot;,&quot;ignore_items_size&quot;:0,&quot;items_layout&quot;:&quot;181&quot;,&quot;items_offset&quot;:&quot;1&quot;,&quot;load_animation&quot;:&quot;none&quot;,&quot;overriding_link&quot;:&quot;{\\&quot;url\\&quot;:\\&quot;\\&quot;}&quot;,&quot;post_id&quot;:0,&quot;query_args&quot;:{&quot;post_type&quot;:[&quot;banda&quot;],&quot;post_status&quot;:[&quot;publish&quot;,&quot;acf-disabled&quot;],&quot;posts_per_page&quot;:&quot;50&quot;},&quot;orderby_query_args&quot;:{&quot;orderby&quot;:{&quot;menu_order&quot;:&quot;ASC&quot;},&quot;order&quot;:&quot;ASC&quot;},&quot;type&quot;:&quot;grid&quot;,&quot;us_grid_ajax_index&quot;:1,&quot;us_grid_filter_params&quot;:null,&quot;us_grid_index&quot;:1,&quot;_us_grid_post_type&quot;:&quot;banda&quot;,&quot;page_args&quot;:[],&quot;lang&quot;:&quot;en&quot;}}'><\/div>\r\n\t<\/div><\/div><\/div><\/div><\/div><\/div><\/section>\n","protected":false},"excerpt":{"rendered":"Ni.U es el nou espectacle de N\u00faria Andorr\u00e0, una prolongaci\u00f3 del seu \u00faltim espectacle Nu.A. S\u2019inspira en el paisatge i la gent de la Vall del Riu Corb. En el canvi clim\u00e0tic que est\u00e0 modificant el paisatge, per exemple la floraci\u00f3 dels fruiters, les dificultats dels pagesos per treballar la terra. I de la cultura...","protected":false},"author":1,"featured_media":0,"parent":0,"menu_order":0,"comment_status":"closed","ping_status":"closed","template":"","meta":{"footnotes":""},"class_list":["post-741","page","type-page","status-publish","hentry"],"acf":[],"_links":{"self":[{"href":"https:\/\/escenapart.cat\/en\/wp-json\/wp\/v2\/pages\/741","targetHints":{"allow":["GET"]}}],"collection":[{"href":"https:\/\/escenapart.cat\/en\/wp-json\/wp\/v2\/pages"}],"about":[{"href":"https:\/\/escenapart.cat\/en\/wp-json\/wp\/v2\/types\/page"}],"author":[{"embeddable":true,"href":"https:\/\/escenapart.cat\/en\/wp-json\/wp\/v2\/users\/1"}],"replies":[{"embeddable":true,"href":"https:\/\/escenapart.cat\/en\/wp-json\/wp\/v2\/comments?post=741"}],"version-history":[{"count":1,"href":"https:\/\/escenapart.cat\/en\/wp-json\/wp\/v2\/pages\/741\/revisions"}],"predecessor-version":[{"id":742,"href":"https:\/\/escenapart.cat\/en\/wp-json\/wp\/v2\/pages\/741\/revisions\/742"}],"wp:attachment":[{"href":"https:\/\/escenapart.cat\/en\/wp-json\/wp\/v2\/media?parent=741"}],"curies":[{"name":"wp","href":"https:\/\/api.w.org\/{rel}","templated":true}]}}