{"id":749,"date":"2023-04-22T18:20:48","date_gmt":"2023-04-22T18:20:48","guid":{"rendered":"https:\/\/escenapart.cat\/avis-legal\/"},"modified":"2023-04-22T18:20:48","modified_gmt":"2023-04-22T18:20:48","slug":"avis-legal","status":"publish","type":"page","link":"https:\/\/escenapart.cat\/ca\/avis-legal\/","title":{"rendered":"Avis legal"},"content":{"rendered":"<h1>Avis legal<\/h1>\n<p><strong>1. Condicions Generals d&#8217;Utilizaci\u00f3 del lloc Web<\/strong><\/p>\n<p>Aquestes condicions generals (d&#8217;ara endavant, les &#8220;Condicions Generals&#8221;) regulen l&#8217;\u00fas per part de l&#8217;usuari de tots els serveis d&#8217;aquest lloc web (d&#8217;ara endavant, &#8220;el Portal&#8221;), que la companyia Escenapart (d&#8217;ara endavant, la &#8220;Companyia&#8221; ) posa a disposici\u00f3 dels usuaris d&#8217;Internet.<\/p>\n<p>La Companyia es reserva el dret a modificar aquestes Condicions Generals, per la qual cosa recomanem a l&#8217;usuari que les llegeixi atentament cada vegada que visiti el nostre Portal, per si haguessin patit modificacions, que li seran aplicables.<\/p>\n<p>Aix\u00ed mateix, alguns dels serveis oferts a trav\u00e9s del Portal poden estar subjectes, a m\u00e9s de les presents Condicions Generals, a les seves pr\u00f2pies condicions particulars d&#8217;\u00fas que, si escau, li siguin aplicables.<\/p>\n<p>En conseq\u00fc\u00e8ncia, la mera navegaci\u00f3 de l&#8217;usuari pel lloc web de la Companyia suposa la plena acceptaci\u00f3 de les Condicions Generals, aix\u00ed com si escau a les condicions particulars que amb la contractaci\u00f3 de certs serveis li siguin aplicables.<\/p>\n<p><strong>2. Obligacions de l&#8217;usuari<\/strong><\/p>\n<p>Com a usuari es compromet a fer un \u00fas diligent del Portal amb total subjecci\u00f3 a la Llei, als bons costums ia les presents Condicions Generals, aix\u00ed com a les condicions particulars que, si escau, siguin aplicables al servei contractat. L&#8217;\u00fas que l&#8217;usuari realitzi dels serveis i continguts del Portal el far\u00e0 sota el risc i la responsabilitat.<\/p>\n<p>Tota la informaci\u00f3 que ens faciliti a trav\u00e9s de la nostra p\u00e0gina web haur\u00e0 de ser vera\u00e7 i actualitzada. A aquests efectes, vost\u00e8 garanteix l&#8217;autenticitat de totes aquelles dades que comuniqui com a conseq\u00fc\u00e8ncia de l&#8217;emplenament dels formularis necessaris per a la subscripci\u00f3 dels nostres serveis. Vost\u00e8 ser\u00e0 l&#8217;\u00fanic responsable de les manifestacions falses o inexactes que realitzi i dels perjudicis que amb aquestes puga causar a la Companyia o a tercers.<\/p>\n<p>Vost\u00e8 renuncia expressament a utilitzar qualsevol dels materials i informacions continguts al Portal amb fins il\u00b7l\u00edcits i expressament prohibits en aquestes Condicions, que resultin contraris als b\u00e9ns, drets i interessos de la Companyia, els seus membres i\/o tercers, i respondr\u00e0 davant a aquests en cas de contravenir o incomplir aquestes obligacions.<\/p>\n<p><strong>3. Garanties i Responsabilitats<\/strong><\/p>\n<p>Disponibilitat, acces i funcionament del Portal. Sense perjudici dels drets legals de l&#8217;usuari del Portal i si escau dels drets reconeguts als consumidors al Reial Decret Legislatiu 1\/2007, de 16 de novembre, de la Llei General per a la Defensa dels Consumidors i Usuaris, la Companyia no garanteix la disponibilitat, acc\u00e9s i continu\u00eftat del funcionament del Portal, dels seus serveis i continguts. La Companyia, en la mesura que sigui possible, avisar\u00e0 pr\u00e8viament l&#8217;usuari de les interrupcions en el funcionament dels mateixos. En conseq\u00fc\u00e8ncia, la Companyia no ser\u00e0 responsable, sense perjudici dels l\u00edmits legals aplicables, pels danys o perjudicis que puguin ser deguts a la manca de disponibilitat, acc\u00e9s o continu\u00eftat del Portal o de qualsevol dels seus serveis o continguts, sempre que aquests danys o perjudicis no siguin conseq\u00fc\u00e8ncia duna activitat o omissi\u00f3 imputable a la Companyia.<\/p>\n<p>\u00das inadequat del Portal o incompliment de les Condicions. La Companyia no garanteix, ni pot responsabilitzar-se de qualsevol dany i\/o perjudici a l&#8217;usuari com a conseq\u00fc\u00e8ncia de qualsevol problema t\u00e8cnic experimentat per l&#8217;usuari, com qualsevol fallada inform\u00e0tica, virus o anomalia t\u00e8cnica a l&#8217;equip, servidors, sistema o programa inform\u00e0tic i\/ o xarxa de lusuari. Aix\u00ed mateix, la Companyia no assumeix responsabilitat en relaci\u00f3 amb qualsevol dany que l&#8217;usuari o un tercer pateixi com a conseq\u00fc\u00e8ncia d&#8217;un \u00fas inadequat del Portal per part de l&#8217;esmentat usuari, incloent-hi, a t\u00edtol enunciatiu per\u00f2 no limitatiu, l&#8217;incompliment pel propi usuari de aquestes Condicions Generals.<\/p>\n<p>Continguts i serveis a tercers. El Portal posa a disposici\u00f3 dels usuaris dispositius t\u00e8cnics denlla\u00e7os, ja siguin links, directoris o eines de cerca, els quals permeten lacc\u00e9s per lusuari a p\u00e0gines web o sites que s\u00f3n gestionats per tercers. De conformitat amb la Llei 34\/2002, d&#8217;11 de juliol, de serveis de la Societat de la Informaci\u00f3 i de Comer\u00e7 Electr\u00f2nic, i malgrat que la Companyia realitza els seus millors esfor\u00e7os per oferir-li la informaci\u00f3 del Portal de forma precisa i actualitzada, la Companyia no ostenta cap titularitat sobre els llocs web de tercers i no comercialitza ni ofereix els continguts i serveis que contenen. En conseq\u00fc\u00e8ncia, la Companyia no pot garantir, ni es fa responsable dels danys i perjudicis que poguessin deure&#8217;s a la manca d&#8217;exactitud, exhaustivitat, actualitat, aix\u00ed com a errors o omissions dels que poguessin patir les informacions i\/o serveis proporcionats per el titular dels b\u00e9ns immobles i\/o qualsevol tercer. La Companyia assumeix el deure de suprimir del Portal, al m\u00e9s aviat possible, l&#8217;acc\u00e9s a les informacions, continguts o serveis dels quals tingui coneixement efectiu que no es corresponguin amb la realitat, siguin il\u00b7legals, puguin induir a error o causar un dany a l&#8217;usuari. Aix\u00ed mateix, en cas que l&#8217;usuari tingui coneixement que els dispositius d&#8217;enlla\u00e7 esmentat remeten a llocs web amb continguts o serveis il\u00b7l\u00edcits, erronis, falsos, nocius o perjudicials per a aquest usuari o un tercer, podr\u00e0 en qualsevol moment contactar amb la Companyia, a a trav\u00e9s dels mitjans indicats en aquestes Condicions, als efectes que la Companyia actu\u00ef amb la m\u00e0xima dilig\u00e8ncia i, si escau, elimini l&#8217;acc\u00e9s al contingut denunciat.<\/p>\n<p>Drets d&#8217;informaci\u00f3 al consumidor. Tota la documentaci\u00f3 i informacions incloses en el Portal referent als diferents b\u00e9ns immobles es faciliten a inst\u00e0ncies dels titulars dels esmentats immobles, sent aquesta documentaci\u00f3 i informacions merament orientatives, sense constituir, en cap cas, cap document i\/o cap oferta contractual. Aix\u00ed mateix, de conformitat amb la normativa estatal, auton\u00f2mica i\/o local reguladora dels deures d&#8217;informaci\u00f3 al consumidor en sup\u00f2sits d&#8217;oferta, promoci\u00f3 i\/o publicitat per a la venda o l&#8217;arrendament d&#8217;habitatges, la Companyia posar\u00e0 a disposici\u00f3 de qualsevol interessat tota la documentaci\u00f3 i informacions exigibles relatives als b\u00e9ns immobles, que han estat facilitades pels titulars dels immobles esmentats.<\/p>\n<p><strong>4. Propietat intel\u00b7lectual e industrial<\/strong><\/p>\n<p>Tots els continguts, incloent-hi, a t\u00edtol enunciatiu per\u00f2 no limitatiu, noms, logos, marques, dissenys, textos, programari, imatges i\/o bases de dades incloses o accessibles a trav\u00e9s del Portal, estan subjectes a drets de propietat industrial i intel\u00b7lectual de la Companyia o de tercers llicenciants titulars dels mateixos. En cap cas l&#8217;acc\u00e9s al lloc web del Portal implica cap tipus de ren\u00fancia, transmissi\u00f3 o cessi\u00f3 total o parcial dels drets esmentats, ni confereix cap dret d&#8217;utilitzaci\u00f3, alteraci\u00f3, transformaci\u00f3, explotaci\u00f3, reproducci\u00f3, distribuci\u00f3 o comunicaci\u00f3 p\u00fablica (en qualsevol de les seves modalitats) sobre els continguts i\/o drets de propietat intel\u00b7lectual i industrial sense la pr\u00e8via i expressa autoritzaci\u00f3 espec\u00edficament atorgada a aquest efecte per part de la Companyia o del tercer titular dels drets, llevat dels sup\u00f2sits expressament contemplats a la legislaci\u00f3 aplicable i segons els principis de la bona fe.<\/p>\n<p><strong>5. Protecci\u00f3 de Dades de Car\u00e0cter Personal<\/strong><\/p>\n<p>Amb car\u00e0cter general, l&#8217;acc\u00e9s al nostre Lloc Web no exigeix \u200b\u200bel seu registre com a usuari, per la qual cosa vost\u00e8 podr\u00e0 visitar el nostre lloc Web de forma an\u00f2nima. No obstant aix\u00f2, certes funcionalitats poden estar subjectes a l&#8217;emplenament del registre d&#8217;Usuari previ, que portar\u00e0 incorporada, al seu torn, la llegenda informativa corresponent en mat\u00e8ria de protecci\u00f3 de dades de car\u00e0cter personal.<\/p>\n<p>Segons el que estableix la Llei Org\u00e0nica 15\/1999, de 13 de desembre, de Protecci\u00f3 de Dades de Car\u00e0cter Personal i la seva normativa de desenvolupament, la Companyia us informa que totes les dades de car\u00e0cter personal que ens proporcioneu seran incorporades a un fitxer automatitzat titularitat d&#8217;Escenapart amb la finalitat de gestionar la relaci\u00f3 amb l&#8217;usuari i si escau remetre-li comunicacions comercials sobre els serveis i les novetats oferts per la Companyia. El tractament de les dades esmentades per la Companyia es realitzar\u00e0 en tot moment en ple compliment de la normativa en mat\u00e8ria de protecci\u00f3 de dades de car\u00e0cter personal i dels serveis de la societat de la informaci\u00f3. En qualsevol cas, l&#8217;usuari pot exercir en qualsevol moment i de forma gratu\u00efta els seus drets d&#8217;acc\u00e9s, rectificaci\u00f3, cancel\u00b7laci\u00f3 i oposici\u00f3 mitjan\u00e7ant un escrit acompanyant c\u00f2pia del DNI, dirigit a l&#8217;adre\u00e7a postal del titular de la p\u00e0gina web.<\/p>\n<p><strong>6. LLei Aplicable i Jurisdicci\u00f3<\/strong><\/p>\n<p>Aquestes Condicions Generals es regeixen per la llei espanyola, sens perjudici de qualsevol altra llei que al consumidor li pugui ser legalment aplicable i de conformitat amb la Llei General per a la Defensa dels Consumidors i Usuaris.<\/p>\n<p>Per a qualsevol controv\u00e8rsia que pogu\u00e9s derivar-se de l&#8217;aplicaci\u00f3 dels serveis o interpretaci\u00f3 o aplicaci\u00f3 de les presents Condicions Generals, les parts se sotmeten a la jurisdicci\u00f3 dels Jutjats i Tribunals del domicili del titular de la p\u00e0gina web, llevat que es tracti de consumidors, en aquest cas les parts se sotmetran a la jurisdicci\u00f3 dels jutjats i tribunals que corresponguin segons la Llei general per a la defensa dels consumidors i usuaris.<\/p>\n","protected":false},"excerpt":{"rendered":"<p>Avis legal 1. Condicions Generals d&#8217;Utilizaci\u00f3 del lloc Web Aquestes condicions generals (d&#8217;ara endavant, les &#8220;Condicions Generals&#8221;) regulen l&#8217;\u00fas per part de l&#8217;usuari de tots els serveis d&#8217;aquest lloc web (d&#8217;ara endavant, &#8220;el Portal&#8221;), que la companyia Escenapart (d&#8217;ara endavant, la &#8220;Companyia&#8221; ) posa a disposici\u00f3 dels usuaris d&#8217;Internet. La Companyia es reserva el dret&#8230;<\/p>\n","protected":false},"author":1,"featured_media":0,"parent":0,"menu_order":0,"comment_status":"closed","ping_status":"closed","template":"","meta":{"footnotes":""},"class_list":["post-749","page","type-page","status-publish","hentry"],"acf":[],"_links":{"self":[{"href":"https:\/\/escenapart.cat\/ca\/wp-json\/wp\/v2\/pages\/749","targetHints":{"allow":["GET"]}}],"collection":[{"href":"https:\/\/escenapart.cat\/ca\/wp-json\/wp\/v2\/pages"}],"about":[{"href":"https:\/\/escenapart.cat\/ca\/wp-json\/wp\/v2\/types\/page"}],"author":[{"embeddable":true,"href":"https:\/\/escenapart.cat\/ca\/wp-json\/wp\/v2\/users\/1"}],"replies":[{"embeddable":true,"href":"https:\/\/escenapart.cat\/ca\/wp-json\/wp\/v2\/comments?post=749"}],"version-history":[{"count":0,"href":"https:\/\/escenapart.cat\/ca\/wp-json\/wp\/v2\/pages\/749\/revisions"}],"wp:attachment":[{"href":"https:\/\/escenapart.cat\/ca\/wp-json\/wp\/v2\/media?parent=749"}],"curies":[{"name":"wp","href":"https:\/\/api.w.org\/{rel}","templated":true}]}}