{"id":743,"date":"2023-03-29T18:04:38","date_gmt":"2023-03-29T18:04:38","guid":{"rendered":"https:\/\/escenapart.cat\/equip\/"},"modified":"2025-10-29T10:53:46","modified_gmt":"2025-10-29T10:53:46","slug":"equip","status":"publish","type":"page","link":"https:\/\/escenapart.cat\/ca\/equip\/","title":{"rendered":"Equip"},"content":{"rendered":"<section class=\"l-section wpb_row us_custom_b7067431 height_large\"><div class=\"l-section-h i-cf\"><div class=\"g-cols vc_row via_flex valign_top type_default stacking_default\"><div class=\"vc_col-sm-12 wpb_column vc_column_container\"><div class=\"vc_column-inner\"><div class=\"wpb_wrapper\"><div class=\"g-cols wpb_row via_flex valign_top type_default stacking_default\"><div class=\"vc_col-sm-12 wpb_column vc_column_container\"><div class=\"vc_column-inner\"><div class=\"wpb_wrapper\"><div class=\"w-vwrapper us_custom_dc576010 breadcrumbs align_none valign_top\" style=\"--vwrapper-gap:0rem\"><span><span><a href=\"https:\/\/escenapart.cat\/ca\/inicio-catala\/\">Inici<\/a><\/span><\/span><\/div><h1 class=\"w-text us_custom_c44ab471 has_text_color\"><span url class=\"w-text-h\"><span class=\"w-text-value\">Equip escena<\/span><\/span><\/h1><\/div><\/div><\/div><\/div><\/div><\/div><\/div><\/div><\/div><\/section><section class=\"l-section wpb_row height_large\"><div class=\"l-section-h i-cf\"><div class=\"g-cols vc_row via_flex valign_top type_default stacking_default\"><div class=\"vc_col-sm-12 wpb_column vc_column_container\"><div class=\"vc_column-inner\"><div class=\"wpb_wrapper\"><div class=\"wpb_text_column\"><div class=\"wpb_wrapper\"><p data-start=\"0\" data-end=\"270\"><strong data-start=\"0\" data-end=\"54\">Escenamusic \u2013 Escenapart \u00e9s passi\u00f3 pels escenaris.<\/strong><br data-start=\"54\" data-end=\"57\" \/>Orientada al management d\u2019artistes i a la producci\u00f3 de m\u00fasica i arts esc\u00e8niques. Actualment tenim una forta pres\u00e8ncia a Europa i Am\u00e8rica, i una activitat creixent a l\u2019\u00c0sia dins d\u2019un pla d\u2019expansi\u00f3 internacional.<\/p>\n<p data-start=\"272\" data-end=\"1179\">Una \u00e0mplia relaci\u00f3 d\u2019artistes i companyies formen part del nostre llarg recorregut, com Concha Buika, S\u00edlvia P\u00e9rez Cruz, M\u00edsia, Kepa Junkera, Dulce Pontes, Estrella Morente, Chango Spasiuk, Franca Masu, Lolita Flores, Ibrahim Ferrer Jr., Mayte Mart\u00edn, Fran P\u00e9rez NARF, Jorge Pardo, Marina Rossell, Carmen Par\u00eds, Luisa Sobral, Charly Garcia, Las Migas, Clara Peya\u2026, aix\u00ed com en el teatre amb companyies, sales i directors o actors com La Cal\u00f2rica, Susana Rinaldi, Imanol Arias, Fabi\u00e1n Vena, Vittorio Gassman, Norma Aleandro, Pastora Vega, Alfredo Alc\u00f3n, Oscar Mart\u00ednez, Dar\u00edo Grandinetti, Les Antonietes, Merc\u00e8 Sampietro, Carme Pl\u00e0, Daniel Angl\u00e8s, Ana Alarc\u00f3n, Vicky Pe\u00f1a, Llu\u00eds Dan\u00e9s, Ramon Oller, Joaquim Oristrell, Joan Arqu\u00e9, Accidents Polipo\u00e8tics, Teatre Tantarantana, Sixto Paz, Q-Ars Teatre, Gataro-Teatre Almeria, Farr\u00e9s Brothers, The Three Keatons, Teatre de l\u2019Aurora, Santamandra\u2026 entre d\u2019altres.<\/p>\n<p data-start=\"1181\" data-end=\"1399\" data-is-last-node=\"\" data-is-only-node=\"\">Qualitat i professionalitat configuren un cat\u00e0leg de garantia d\u2019\u00e8xit. El nostre equip acumula una dilatada experi\u00e8ncia en el teatre i la m\u00fasica, des del management internacional fins a la producci\u00f3 de tots els nivells.<\/p>\n<\/div><\/div><div class=\"w-grid us_custom_10679678 type_grid layout_122 cols_3\" id=\"us_grid_1\" style=\"--gap:1rem;\" data-filterable=\"true\"><style>@media (max-width:1024px){#us_grid_1 .w-grid-item{width:50%}}@media (max-width:600px){#us_grid_1 .w-grid-list{margin:0}#us_grid_1 .w-grid-item{width:100%;padding:0;margin-bottom:var(--gap,0px)}}.layout_122 .w-grid-item-h{}.layout_122 .usg_post_title_1{font-size:1rem!important;font-weight:500!important;text-transform:uppercase!important;margin-top:1rem!important}<\/style><div class=\"w-grid-list\">\t<article class=\"w-grid-item post-1062 attachment type-attachment status-inherit hentry\" data-id=\"1062\">\r\n\t\t<div class=\"w-grid-item-h\">\r\n\t\t\t\t\t\t<div class=\"w-post-elm post_image usg_post_image_1 has_ratio\"><div style=\"padding-bottom:100%\"><\/div><img loading=\"lazy\" decoding=\"async\" width=\"768\" height=\"1024\" src=\"https:\/\/escenapart.cat\/wp-content\/uploads\/2024\/07\/xavi-768x1024.jpg\" class=\"attachment-large size-large\" alt=\"\" srcset=\"https:\/\/escenapart.cat\/wp-content\/uploads\/2024\/07\/xavi-768x1024.jpg 768w, https:\/\/escenapart.cat\/wp-content\/uploads\/2024\/07\/xavi-225x300.jpg 225w, https:\/\/escenapart.cat\/wp-content\/uploads\/2024\/07\/xavi.jpg 1200w\" sizes=\"auto, (max-width: 768px) 100vw, 768px\" \/><\/div><h3 class=\"w-post-elm post_title usg_post_title_1 entry-title color_link_inherit\">Xavier Gonz\u00e1lez<\/h3><div class=\"w-post-elm post_content usg_post_content_1\">CEO | Distribuci\u00f3 teatral<\/div>\t\t<\/div>\r\n\t<\/article>\r\n\t<article class=\"w-grid-item post-444 attachment type-attachment status-inherit hentry\" data-id=\"444\">\r\n\t\t<div class=\"w-grid-item-h\">\r\n\t\t\t\t\t\t<div class=\"w-post-elm post_image usg_post_image_1 has_ratio\"><div style=\"padding-bottom:100%\"><\/div><img loading=\"lazy\" decoding=\"async\" width=\"1024\" height=\"1015\" src=\"https:\/\/escenapart.cat\/wp-content\/uploads\/2023\/05\/alejandra-1024x1015.jpg\" class=\"attachment-large size-large\" alt=\"\" srcset=\"https:\/\/escenapart.cat\/wp-content\/uploads\/2023\/05\/alejandra-1024x1015.jpg 1024w, https:\/\/escenapart.cat\/wp-content\/uploads\/2023\/05\/alejandra-300x297.jpg 300w, https:\/\/escenapart.cat\/wp-content\/uploads\/2023\/05\/alejandra-150x150.jpg 150w, https:\/\/escenapart.cat\/wp-content\/uploads\/2023\/05\/alejandra.jpg 1125w\" sizes=\"auto, (max-width: 1024px) 100vw, 1024px\" \/><\/div><h3 class=\"w-post-elm post_title usg_post_title_1 entry-title color_link_inherit\">Alejandra Villarreal<\/h3><div class=\"w-post-elm post_content usg_post_content_1\">Booking m\u00fasica<\/div>\t\t<\/div>\r\n\t<\/article>\r\n\t<article class=\"w-grid-item post-442 attachment type-attachment status-inherit hentry\" data-id=\"442\">\r\n\t\t<div class=\"w-grid-item-h\">\r\n\t\t\t\t\t\t<div class=\"w-post-elm post_image usg_post_image_1 has_ratio\"><div style=\"padding-bottom:100%\"><\/div><img loading=\"lazy\" decoding=\"async\" width=\"1024\" height=\"698\" src=\"https:\/\/escenapart.cat\/wp-content\/uploads\/2023\/05\/perla-1024x698.jpg\" class=\"attachment-large size-large\" alt=\"\" srcset=\"https:\/\/escenapart.cat\/wp-content\/uploads\/2023\/05\/perla-1024x698.jpg 1024w, https:\/\/escenapart.cat\/wp-content\/uploads\/2023\/05\/perla-300x204.jpg 300w\" sizes=\"auto, (max-width: 1024px) 100vw, 1024px\" \/><\/div><h3 class=\"w-post-elm post_title usg_post_title_1 entry-title color_link_inherit\">Perla Tuset<\/h3><div class=\"w-post-elm post_content usg_post_content_1\">Booking | Producci\u00f3<\/div>\t\t<\/div>\r\n\t<\/article>\r\n\t<article class=\"w-grid-item post-565 attachment type-attachment status-inherit hentry\" data-id=\"565\">\r\n\t\t<div class=\"w-grid-item-h\">\r\n\t\t\t\t\t\t<div class=\"w-post-elm post_image usg_post_image_1 has_ratio\"><div style=\"padding-bottom:100%\"><\/div><img loading=\"lazy\" decoding=\"async\" width=\"769\" height=\"1024\" src=\"https:\/\/escenapart.cat\/wp-content\/uploads\/2023\/09\/Foto-Mariana-Andino-769x1024.jpg\" class=\"attachment-large size-large\" alt=\"\" srcset=\"https:\/\/escenapart.cat\/wp-content\/uploads\/2023\/09\/Foto-Mariana-Andino-769x1024.jpg 769w, https:\/\/escenapart.cat\/wp-content\/uploads\/2023\/09\/Foto-Mariana-Andino-225x300.jpg 225w, https:\/\/escenapart.cat\/wp-content\/uploads\/2023\/09\/Foto-Mariana-Andino-scaled.jpg 1923w\" sizes=\"auto, (max-width: 769px) 100vw, 769px\" \/><\/div><h3 class=\"w-post-elm post_title usg_post_title_1 entry-title color_link_inherit\">Mariana Andino<\/h3><div class=\"w-post-elm post_content usg_post_content_1\">Booking M\u00fasica<\/div>\t\t<\/div>\r\n\t<\/article>\r\n\t<article class=\"w-grid-item post-1065 attachment type-attachment status-inherit hentry\" data-id=\"1065\">\r\n\t\t<div class=\"w-grid-item-h\">\r\n\t\t\t\t\t\t<div class=\"w-post-elm post_image usg_post_image_1 has_ratio\"><div style=\"padding-bottom:100%\"><\/div><img loading=\"lazy\" decoding=\"async\" width=\"700\" height=\"560\" src=\"https:\/\/escenapart.cat\/wp-content\/uploads\/2024\/07\/annabel.jpg\" class=\"attachment-large size-large\" alt=\"\" srcset=\"https:\/\/escenapart.cat\/wp-content\/uploads\/2024\/07\/annabel.jpg 700w, https:\/\/escenapart.cat\/wp-content\/uploads\/2024\/07\/annabel-300x240.jpg 300w\" sizes=\"auto, (max-width: 700px) 100vw, 700px\" \/><\/div><h3 class=\"w-post-elm post_title usg_post_title_1 entry-title color_link_inherit\">Annabel Castan<\/h3><div class=\"w-post-elm post_content usg_post_content_1\">Administraci\u00f3<\/div>\t\t<\/div>\r\n\t<\/article>\r\n\t<article class=\"w-grid-item post-1074 attachment type-attachment status-inherit hentry\" data-id=\"1074\">\r\n\t\t<div class=\"w-grid-item-h\">\r\n\t\t\t\t\t\t<div class=\"w-post-elm post_image usg_post_image_1 has_ratio\"><div style=\"padding-bottom:100%\"><\/div><img loading=\"lazy\" decoding=\"async\" width=\"1007\" height=\"864\" src=\"https:\/\/escenapart.cat\/wp-content\/uploads\/2024\/07\/julieta-2.jpg\" class=\"attachment-large size-large\" alt=\"\" srcset=\"https:\/\/escenapart.cat\/wp-content\/uploads\/2024\/07\/julieta-2.jpg 1007w, https:\/\/escenapart.cat\/wp-content\/uploads\/2024\/07\/julieta-2-300x257.jpg 300w\" sizes=\"auto, (max-width: 1007px) 100vw, 1007px\" \/><\/div><h3 class=\"w-post-elm post_title usg_post_title_1 entry-title color_link_inherit\">Julieta Eseverri<\/h3><div class=\"w-post-elm post_content usg_post_content_1\">Comunity Manager | Road Manager<\/div>\t\t<\/div>\r\n\t<\/article>\r\n<\/div><div class=\"w-grid-preloader\"><div class=\"g-preloader type_1\">\r\n\t<div><\/div>\r\n<\/div>\r\n<\/div>\t<div class=\"w-grid-json hidden\" onclick='return {&quot;action&quot;:&quot;us_ajax_grid&quot;,&quot;ajax_url&quot;:&quot;https:\\\/\\\/escenapart.cat\\\/wp-admin\\\/admin-ajax.php&quot;,&quot;infinite_scroll&quot;:0,&quot;max_num_pages&quot;:1,&quot;pagination&quot;:&quot;none&quot;,&quot;permalink_url&quot;:&quot;https:\\\/\\\/escenapart.cat\\\/ca\\\/wp-json\\\/wp\\\/v2\\\/pages\\\/743\\\/&quot;,&quot;template_vars&quot;:{&quot;columns&quot;:&quot;3&quot;,&quot;exclude_items&quot;:&quot;none&quot;,&quot;img_size&quot;:&quot;default&quot;,&quot;ignore_items_size&quot;:0,&quot;items_layout&quot;:&quot;122&quot;,&quot;items_offset&quot;:&quot;1&quot;,&quot;load_animation&quot;:&quot;none&quot;,&quot;overriding_link&quot;:&quot;%7B%22url%22%3A%22%22%7D&quot;,&quot;post_id&quot;:0,&quot;query_args&quot;:{&quot;post_type&quot;:[&quot;attachment&quot;],&quot;post__in&quot;:[&quot;1061&quot;,&quot;120&quot;,&quot;119&quot;,&quot;564&quot;,&quot;1064&quot;,&quot;1073&quot;],&quot;post_status&quot;:&quot;inherit&quot;,&quot;post_mime_type&quot;:&quot;image&quot;,&quot;posts_per_page&quot;:&quot;10&quot;},&quot;orderby_query_args&quot;:{&quot;orderby&quot;:{&quot;post__in&quot;:&quot;ASC&quot;},&quot;order&quot;:&quot;ASC&quot;},&quot;type&quot;:&quot;grid&quot;,&quot;us_grid_ajax_index&quot;:1,&quot;us_grid_filter_params&quot;:null,&quot;us_grid_index&quot;:1,&quot;_us_grid_post_type&quot;:&quot;attachment&quot;,&quot;page_args&quot;:[],&quot;lang&quot;:&quot;ca&quot;}}'><\/div>\r\n\t<\/div><\/div><\/div><\/div><\/div><\/div><\/section>\n","protected":false},"excerpt":{"rendered":"Comunity Manager | Road Manager","protected":false},"author":1,"featured_media":0,"parent":0,"menu_order":0,"comment_status":"closed","ping_status":"closed","template":"","meta":{"footnotes":""},"class_list":["post-743","page","type-page","status-publish","hentry"],"acf":[],"_links":{"self":[{"href":"https:\/\/escenapart.cat\/ca\/wp-json\/wp\/v2\/pages\/743","targetHints":{"allow":["GET"]}}],"collection":[{"href":"https:\/\/escenapart.cat\/ca\/wp-json\/wp\/v2\/pages"}],"about":[{"href":"https:\/\/escenapart.cat\/ca\/wp-json\/wp\/v2\/types\/page"}],"author":[{"embeddable":true,"href":"https:\/\/escenapart.cat\/ca\/wp-json\/wp\/v2\/users\/1"}],"replies":[{"embeddable":true,"href":"https:\/\/escenapart.cat\/ca\/wp-json\/wp\/v2\/comments?post=743"}],"version-history":[{"count":16,"href":"https:\/\/escenapart.cat\/ca\/wp-json\/wp\/v2\/pages\/743\/revisions"}],"predecessor-version":[{"id":1596,"href":"https:\/\/escenapart.cat\/ca\/wp-json\/wp\/v2\/pages\/743\/revisions\/1596"}],"wp:attachment":[{"href":"https:\/\/escenapart.cat\/ca\/wp-json\/wp\/v2\/media?parent=743"}],"curies":[{"name":"wp","href":"https:\/\/api.w.org\/{rel}","templated":true}]}}